{"id":107,"date":"2020-07-02T18:00:27","date_gmt":"2020-07-02T16:00:27","guid":{"rendered":"https:\/\/bureaudesfilles.com\/naema-boudoumi-cie-ginko\/?page_id=107"},"modified":"2020-11-04T15:58:51","modified_gmt":"2020-11-04T14:58:51","slug":"la-compagnie","status":"publish","type":"page","link":"https:\/\/bureaudesfilles.com\/naema-boudoumi-cie-ginko\/la-compagnie\/","title":{"rendered":"La Compagnie"},"content":{"rendered":"<div class=\"wpb-content-wrapper\"><p>[vc_row row_height_percent=\u00a0\u00bb0&Prime; override_padding=\u00a0\u00bbyes\u00a0\u00bb h_padding=\u00a0\u00bb2&Prime; top_padding=\u00a0\u00bb5&Prime; bottom_padding=\u00a0\u00bb3&Prime; overlay_alpha=\u00a0\u00bb100&Prime; gutter_size=\u00a0\u00bb0&Prime; column_width_percent=\u00a0\u00bb100&Prime; shift_y=\u00a0\u00bb0&Prime; z_index=\u00a0\u00bb0&Prime; row_height_use_pixel=\u00a0\u00bb\u00a0\u00bb][vc_column column_width_use_pixel=\u00a0\u00bbyes\u00a0\u00bb gutter_size=\u00a0\u00bb3&Prime; override_padding=\u00a0\u00bbyes\u00a0\u00bb column_padding=\u00a0\u00bb0&Prime; overlay_alpha=\u00a0\u00bb50&Prime; shift_x=\u00a0\u00bb0&Prime; shift_y=\u00a0\u00bb0&Prime; shift_y_down=\u00a0\u00bb0&Prime; z_index=\u00a0\u00bb0&Prime; medium_width=\u00a0\u00bb0&Prime; mobile_width=\u00a0\u00bb0&Prime; zoom_width=\u00a0\u00bb0&Prime; zoom_height=\u00a0\u00bb0&Prime; width=\u00a0\u00bb1\/1&Prime;][vc_custom_heading subheading=\u00a0\u00bbAutrice-Metteuse en Sc\u00e8ne &#8211; Com\u00e9dienne\u00a0\u00bb]NAEMA BOUDOUMI[\/vc_custom_heading][vc_column_text el_class=\u00a0\u00bbjusti\u00a0\u00bb]<img decoding=\"async\" class=\" wp-image-540 alignleft\" src=\"https:\/\/bureaudesfilles.com\/naema-boudoumi-cie-ginko\/wp-content\/uploads\/sites\/8\/2020\/09\/daddy_papillon_naema_boudoumy-239x300.jpg\" alt=\"\" width=\"170\" height=\"213\" srcset=\"https:\/\/bureaudesfilles.com\/naema-boudoumi-cie-ginko\/wp-content\/uploads\/sites\/8\/2020\/09\/daddy_papillon_naema_boudoumy-239x300.jpg 239w, https:\/\/bureaudesfilles.com\/naema-boudoumi-cie-ginko\/wp-content\/uploads\/sites\/8\/2020\/09\/daddy_papillon_naema_boudoumy.jpg 320w\" sizes=\"(max-width: 170px) 100vw, 170px\" \/><\/p>\n<p>Titulaire d&rsquo;un MASTER d&rsquo;Arts du Spectacle option Ethnosc\u00e9nologie, elle se forme \u00e0 l&rsquo;Atelier International Blanche Salant et aux Ateliers du Sudden. Elle fonde la Compagnie Ginko en 2010 et cr\u00e9e en collaboration avec Arnaud Dupont son premier spectacle <em>Wanted, ou l&rsquo;histoire de l&rsquo;enfant du fromager<\/em>. Son deuxi\u00e8me spectacle <em>Sensitives<\/em> cr\u00e9\u00e9 \u00e0 Mains d&rsquo;Oeuvres, a \u00e9t\u00e9 finaliste du Prix Paris Jeunes Talent 2012. Abordant le th\u00e8me du corps f\u00e9minin il a fait \u00e9galement objet d&rsquo;une cr\u00e9ation\/cabaret \u00e0 la Maison d&rsquo;Arr\u00eat de Versailles avec plusieurs d\u00e9tenues femmes. Na\u00e9ma Boudoumi collabore ensuite \u00e0 l&rsquo;\u00e9criture de<em> L&rsquo;acide Rougit le chiendent<\/em> de Lauriane Goyet pour la Cie Acrobatica Machina, et devient finaliste du prix d&rsquo;auteur NIACA 2013 \u00e0 Cannes. En 2016 elle pr\u00e9sente sa troisi\u00e8me cr\u00e9ation, <em>Juanita, la catcheuse mexicaine qui n&rsquo;avait jamais connu d&rsquo;Hommes<\/em> au Th\u00e9\u00e2tre de Belleville et au Th\u00e9\u00e2tre-Paris-Villette-Grand Parquet et b\u00e9n\u00e9ficient de plusieurs r\u00e9sidences \u00e0 l&rsquo;Espace P\u00e9riph\u00e9rique (Parc de la Villette-Ville de Paris). Parall\u00e8lement depuis 2014 elle assiste \u00e0 la mise en sc\u00e8ne Lila Derridj pour la cr\u00e9ation du solo dans\u00e9 <em>Une Bouche<\/em>, soutenu par l&rsquo;Association Regard et Mouvement, Hostellerie de Pontempeyrat, le Centre National de la Danse et au Palais de Tokyo pour le festival Do Disturb.<\/p>\n<p>En 2019 elle cr\u00e9e <em>Daddy Papillon, la folie de l&rsquo;Exil<\/em>, aux Plateaux Sauvages et devient Laur\u00e9ate de l&rsquo;Association Beaumarchais-SACD cat\u00e9gorie Mise en Sc\u00e8ne. Le spectacle est actuellement en exploitation et fait l&rsquo;objet de plusieurs projets de territoires en Normandie et \u00cele de France. <em>La Solitude des Mues<\/em> sera sa cinqui\u00e8me cr\u00e9ation.[\/vc_column_text][vc_separator sep_color=\u00a0\u00bbcolor-uydo\u00a0\u00bb el_height=\u00a0\u00bb3&Prime;][\/vc_column][\/vc_row][vc_row row_height_percent=\u00a0\u00bb0&Prime; override_padding=\u00a0\u00bbyes\u00a0\u00bb h_padding=\u00a0\u00bb2&Prime; top_padding=\u00a0\u00bb3&Prime; bottom_padding=\u00a0\u00bb3&Prime; overlay_alpha=\u00a0\u00bb100&Prime; gutter_size=\u00a0\u00bb3&Prime; column_width_percent=\u00a0\u00bb100&Prime; shift_y=\u00a0\u00bb0&Prime; z_index=\u00a0\u00bb0&Prime; row_height_use_pixel=\u00a0\u00bb\u00a0\u00bb][vc_column column_width_use_pixel=\u00a0\u00bbyes\u00a0\u00bb gutter_size=\u00a0\u00bb3&Prime; overlay_alpha=\u00a0\u00bb50&Prime; shift_x=\u00a0\u00bb0&Prime; shift_y=\u00a0\u00bb0&Prime; medium_width=\u00a0\u00bb0&Prime; zoom_width=\u00a0\u00bb0&Prime; zoom_height=\u00a0\u00bb0&Prime; column_width_pixel=\u00a0\u00bb800&Prime; width=\u00a0\u00bb1\/4&Prime;][vc_custom_heading]NA\u00c9MA BOUDOUMI ET LA CIE GINKO[\/vc_custom_heading][\/vc_column][vc_column width=\u00a0\u00bb3\/4&Prime;][vc_column_text el_class=\u00a0\u00bbjusti\u00a0\u00bb]<\/p>\n<p style=\"text-align: left\">\u00ab Artiste metteuse en sce\u0300ne, j&rsquo;ai passe\u0301 plusieurs anne\u0301es, de 2007 a\u0300 2013, au laboratoire d&rsquo;ethnosce\u0301nologie a\u0300 la Maison des Sciences de l&rsquo;Homme Paris Nord, accompagne\u0301e par Jean-Marie Pradier. J\u2019y ai acquis l\u2019exigence de toujours aborder un sujet dans son contexte mais e\u0301galement des outils de re\u0301flexion et une me\u0301thodologie qui guident depuis ma de\u0301marche artistique. Le the\u0301a\u0302tre que j&rsquo;e\u0301cris et mets en sce\u0300ne prend comme point de de\u0301part l\u2019expe\u0301rience personnelle et intime, dont je me de\u0301colle progressivement afin d\u2019arriver a\u0300 questionner l\u2019universalite\u0301 des sujets aborde\u0301s. Je de\u0301ploie un travail the\u0301a\u0302tral empreint d&rsquo;une esthe\u0301tique forte et d&rsquo;un onirisme prononce\u0301. La mise en espace du corps y est essentielle, l&rsquo;approche du plateau chore\u0301graphique et pluridisciplinaire. Les the\u0300mes de la jeunesse, de la famille, de la folie et de l&rsquo;e\u0301chappe\u0301e par l&rsquo;imaginaire sont au c\u0153ur de mes travaux. \u00bb<\/p>\n<p style=\"text-align: left\">La Cie Ginko est n\u00e9e en 2010 en \u00cele de France et a depuis 2015 investi le territoire Normand \u00e0 Rouen. Fond\u00e9e par Na\u00e9ma Boudoumi, la ligne artistique la compagnie se situe dans l&rsquo;interdisciplinarit\u00e9 \u00e0 l&rsquo;image de la diversit\u00e9 sociale et culturelle pr\u00e9sente dans ses cr\u00e9ations\u00a0. Rompre l&rsquo;isolement, solliciter l&rsquo;imagination de spectateur, rassembler diff\u00e9rentes communaut\u00e9s autour de probl\u00e9matiques sociales et culturelles. La compagnie GINKO base ses recherches sur la notion de famille, d&rsquo;appartenance, sur l&rsquo;exclusion et la violence mais aussi le corps, la transmission et la sant\u00e9.<\/p>\n<p style=\"text-align: left\">Nous puisons notre inspiration dans la sociologie et l&rsquo;observation participante. La compagnie GINKO propose avec chaque cr\u00e9ation des projets de transmission. En 2019 elle compte quatre cr\u00e9ations originales dont une jeune public.<\/p>\n<p>[\/vc_column_text][\/vc_column][\/vc_row]<\/p>\n<\/div>","protected":false},"excerpt":{"rendered":"<p>[vc_row row_height_percent=\u00a0\u00bb0&Prime; override_padding=\u00a0\u00bbyes\u00a0\u00bb h_padding=\u00a0\u00bb2&Prime; top_padding=\u00a0\u00bb5&Prime; bottom_padding=\u00a0\u00bb3&Prime; overlay_alpha=\u00a0\u00bb100&Prime; gutter_size=\u00a0\u00bb0&Prime; column_width_percent=\u00a0\u00bb100&Prime; shift_y=\u00a0\u00bb0&Prime; z_index=\u00a0\u00bb0&Prime; row_height_use_pixel=\u00a0\u00bb\u00a0\u00bb][vc_column column_width_use_pixel=\u00a0\u00bbyes\u00a0\u00bb gutter_size=\u00a0\u00bb3&Prime; override_padding=\u00a0\u00bbyes\u00a0\u00bb column_padding=\u00a0\u00bb0&Prime; overlay_alpha=\u00a0\u00bb50&Prime; shift_x=\u00a0\u00bb0&Prime; shift_y=\u00a0\u00bb0&Prime; shift_y_down=\u00a0\u00bb0&Prime; [&hellip;]<\/p>\n","protected":false},"author":1,"featured_media":517,"parent":0,"menu_order":0,"comment_status":"closed","ping_status":"closed","template":"","meta":{"footnotes":"","_links_to":"","_links_to_target":""},"class_list":["post-107","page","type-page","status-publish","has-post-thumbnail","hentry"],"_links":{"self":[{"href":"https:\/\/bureaudesfilles.com\/naema-boudoumi-cie-ginko\/wp-json\/wp\/v2\/pages\/107","targetHints":{"allow":["GET"]}}],"collection":[{"href":"https:\/\/bureaudesfilles.com\/naema-boudoumi-cie-ginko\/wp-json\/wp\/v2\/pages"}],"about":[{"href":"https:\/\/bureaudesfilles.com\/naema-boudoumi-cie-ginko\/wp-json\/wp\/v2\/types\/page"}],"author":[{"embeddable":true,"href":"https:\/\/bureaudesfilles.com\/naema-boudoumi-cie-ginko\/wp-json\/wp\/v2\/users\/1"}],"replies":[{"embeddable":true,"href":"https:\/\/bureaudesfilles.com\/naema-boudoumi-cie-ginko\/wp-json\/wp\/v2\/comments?post=107"}],"version-history":[{"count":37,"href":"https:\/\/bureaudesfilles.com\/naema-boudoumi-cie-ginko\/wp-json\/wp\/v2\/pages\/107\/revisions"}],"predecessor-version":[{"id":566,"href":"https:\/\/bureaudesfilles.com\/naema-boudoumi-cie-ginko\/wp-json\/wp\/v2\/pages\/107\/revisions\/566"}],"wp:featuredmedia":[{"embeddable":true,"href":"https:\/\/bureaudesfilles.com\/naema-boudoumi-cie-ginko\/wp-json\/wp\/v2\/media\/517"}],"wp:attachment":[{"href":"https:\/\/bureaudesfilles.com\/naema-boudoumi-cie-ginko\/wp-json\/wp\/v2\/media?parent=107"}],"curies":[{"name":"wp","href":"https:\/\/api.w.org\/{rel}","templated":true}]}}