{"id":107,"date":"2020-07-02T18:00:27","date_gmt":"2020-07-02T16:00:27","guid":{"rendered":"https:\/\/bureaudesfilles.com\/sultan-alope-ulutas\/?page_id=107"},"modified":"2025-01-23T11:48:08","modified_gmt":"2025-01-23T10:48:08","slug":"morgan%c2%b7e-janoir","status":"publish","type":"page","link":"https:\/\/bureaudesfilles.com\/morganejanoir\/morgan%c2%b7e-janoir\/","title":{"rendered":"Morgan\u00b7e Janoir"},"content":{"rendered":"<div class=\"wpb-content-wrapper\"><p>[vc_row][vc_column width=\u00a0\u00bb1\/2&Prime;][vc_column_text uncode_shortcode_id=\u00a0\u00bb118618&Prime;]Apr\u00e8s un master en affaires culturelles et un autre en litt\u00e9rature compar\u00e9e, il travaille pendant cinq ans en production th\u00e9\u00e2trale, notamment aux c\u00f4t\u00e9s de V\u00e9ronique Felenbok pour le Bureau des Filles.\u00a0En parall\u00e8le, il fonde sa compagnie et monte plusieurs projets, dont le projet collectif Entre meufs, en partenariat avec le Sample \u00e0 Bagnolet, qui vise \u00e0 faire pratiquer et d\u00e9couvrir le th\u00e9\u00e2tre du r\u00e9el en non mixit\u00e9.<\/p>\n<p>Il assiste \u00e0 la mise en sc\u00e8ne sur diff\u00e9rents spectacles, notamment Jungle Book de Bob Wilson (2018), J\u2019ai trop d\u2019amis de\u00a0David Lescot (2020), La Freak, journal d\u2019une femme vaudou de Sabine Pakora\u00a0(2022), Nos Seins de Fran\u00e7oise Lorente (2024)&#8230;<\/p>\n<p>Il \u00e9crit avec Zo\u00e9 Laulanie un zine sur le foot f\u00e9minin (Foot \u00e0 cagoule), participe \u00e0 un recueil de textes intitul\u00e9 <em>Goudous, o\u00f9 \u00eates-vous ?<\/em>, publi\u00e9 chez\u00a0Paulette \u00e9ditrice en mars 2024.<br \/>\nEn 2023 il \u00e9crit <em>L\u2019ouvrir<\/em>, projet th\u00e9\u00e2tral et musical sur le coming out \u00e0 soi-m\u00eame et aux autres. Le spectacle est cr\u00e9\u00e9 en f\u00e9vrier 2024 au\u00a0 Sample \u00e0 Bagnolet et se produit notamment au WeToo Festival \u00e0 Paris, au Th\u00e9\u00e2tre de Belleville en octobre 2024 et \u00e0 Berlin en novembre 2024.<\/p>\n<p>En 2024, il \u00e9crit <em>Cram\u00e9e<\/em>, spectacle musical sur le surmenage, la cuisine et le rapport \u00e0 la nourriture. Le texte est s\u00e9lectionn\u00e9 pour le festival Jamais Lu Paris et b\u00e9n\u00e9ficie d\u2019une lecture \u00e0 Th\u00e9\u00e2tre Ouvert le 25 octobre 2024.[\/vc_column_text][\/vc_column][vc_column width=\u00a0\u00bb1\/2&Prime;][vc_single_image media=\u00a0\u00bb747&Prime; media_width_percent=\u00a0\u00bb100&Prime; uncode_shortcode_id=\u00a0\u00bb196431&Prime;][\/vc_column][\/vc_row]<\/p>\n<\/div>","protected":false},"excerpt":{"rendered":"<p>[vc_row][vc_column width=\u00a0\u00bb1\/2&Prime;][vc_column_text uncode_shortcode_id=\u00a0\u00bb118618&Prime;]Apr\u00e8s un master en affaires culturelles et un autre en litt\u00e9rature compar\u00e9e, il travaille pendant cinq ans en [&hellip;]<\/p>\n","protected":false},"author":1,"featured_media":0,"parent":0,"menu_order":0,"comment_status":"closed","ping_status":"closed","template":"","meta":{"footnotes":"","_links_to":"","_links_to_target":""},"class_list":["post-107","page","type-page","status-publish","hentry"],"_links":{"self":[{"href":"https:\/\/bureaudesfilles.com\/morganejanoir\/wp-json\/wp\/v2\/pages\/107","targetHints":{"allow":["GET"]}}],"collection":[{"href":"https:\/\/bureaudesfilles.com\/morganejanoir\/wp-json\/wp\/v2\/pages"}],"about":[{"href":"https:\/\/bureaudesfilles.com\/morganejanoir\/wp-json\/wp\/v2\/types\/page"}],"author":[{"embeddable":true,"href":"https:\/\/bureaudesfilles.com\/morganejanoir\/wp-json\/wp\/v2\/users\/1"}],"replies":[{"embeddable":true,"href":"https:\/\/bureaudesfilles.com\/morganejanoir\/wp-json\/wp\/v2\/comments?post=107"}],"version-history":[{"count":19,"href":"https:\/\/bureaudesfilles.com\/morganejanoir\/wp-json\/wp\/v2\/pages\/107\/revisions"}],"predecessor-version":[{"id":749,"href":"https:\/\/bureaudesfilles.com\/morganejanoir\/wp-json\/wp\/v2\/pages\/107\/revisions\/749"}],"wp:attachment":[{"href":"https:\/\/bureaudesfilles.com\/morganejanoir\/wp-json\/wp\/v2\/media?parent=107"}],"curies":[{"name":"wp","href":"https:\/\/api.w.org\/{rel}","templated":true}]}}