{"id":178,"date":"2020-08-06T15:26:38","date_gmt":"2020-08-06T13:26:38","guid":{"rendered":"https:\/\/bureaudesfilles.com\/cie-beina-sarah-m\/transmission\/"},"modified":"2023-01-25T11:13:33","modified_gmt":"2023-01-25T10:13:33","slug":"transmission","status":"publish","type":"page","link":"https:\/\/bureaudesfilles.com\/cie-beina-sarah-m\/transmission\/","title":{"rendered":"Transmission"},"content":{"rendered":"<div class=\"wpb-content-wrapper\"><p>[vc_row][vc_column width=\u00a0\u00bb1\/1&Prime;][vc_column_text uncode_shortcode_id=\u00a0\u00bb141000&Prime;]<\/p>\n<h4>Que ce soit en lien avec les cr\u00e9ations de la compagnie, le fruit de commande ou des ateliers pens\u00e9s sur mesure, la compagnie Be\u00efna s\u2019implique sur diff\u00e9rents territoires \u00e0 travers des ateliers, des rencontres, des cr\u00e9ations in situ, des spectacles avec des amatrices et amateurs, des r\u00e9p\u00e9titions publiques\u2026<\/h4>\n<p>[\/vc_column_text][\/vc_column][\/vc_row][vc_row][vc_column width=\u00a0\u00bb1\/1&Prime;][uncode_index el_id=\u00a0\u00bbindex-433843&Prime; loop=\u00a0\u00bbsize:All|order_by:date|post_type:portfolio|tax_query:26|taxonomy_count:10&Prime; auto_query=\u00a0\u00bbyes\u00a0\u00bb screen_lg=\u00a0\u00bb1000&Prime; screen_md=\u00a0\u00bb600&Prime; screen_sm=\u00a0\u00bb480&Prime; filtering=\u00a0\u00bbyes\u00a0\u00bb filtering_position=\u00a0\u00bbcenter\u00a0\u00bb gutter_size=\u00a0\u00bb2&Prime; portfolio_items=\u00a0\u00bbtitle,media|featured|onpost|original,text|excerpt\u00a0\u00bb single_width=\u00a0\u00bb3&Prime; single_back_color=\u00a0\u00bbcolor-xsdn\u00a0\u00bb single_overlay_color=\u00a0\u00bbcolor-jevc\u00a0\u00bb single_overlay_opacity=\u00a0\u00bb33&Prime; single_h_align=\u00a0\u00bbcenter\u00a0\u00bb single_padding=\u00a0\u00bb1&Prime; single_title_dimension=\u00a0\u00bbh4&Prime; single_border=\u00a0\u00bbyes\u00a0\u00bb uncode_shortcode_id=\u00a0\u00bb108489&Prime;][\/vc_column][\/vc_row]<\/p>\n<\/div>","protected":false},"excerpt":{"rendered":"<p>[vc_row][vc_column width=\u00a0\u00bb1\/1&Prime;][vc_column_text uncode_shortcode_id=\u00a0\u00bb141000&Prime;] Que ce soit en lien avec les cr\u00e9ations de la compagnie, le fruit de commande ou des [&hellip;]<\/p>\n","protected":false},"author":1,"featured_media":417,"parent":0,"menu_order":0,"comment_status":"closed","ping_status":"closed","template":"","meta":{"footnotes":"","_links_to":"","_links_to_target":""},"class_list":["post-178","page","type-page","status-publish","has-post-thumbnail","hentry"],"_links":{"self":[{"href":"https:\/\/bureaudesfilles.com\/cie-beina-sarah-m\/wp-json\/wp\/v2\/pages\/178","targetHints":{"allow":["GET"]}}],"collection":[{"href":"https:\/\/bureaudesfilles.com\/cie-beina-sarah-m\/wp-json\/wp\/v2\/pages"}],"about":[{"href":"https:\/\/bureaudesfilles.com\/cie-beina-sarah-m\/wp-json\/wp\/v2\/types\/page"}],"author":[{"embeddable":true,"href":"https:\/\/bureaudesfilles.com\/cie-beina-sarah-m\/wp-json\/wp\/v2\/users\/1"}],"replies":[{"embeddable":true,"href":"https:\/\/bureaudesfilles.com\/cie-beina-sarah-m\/wp-json\/wp\/v2\/comments?post=178"}],"version-history":[{"count":8,"href":"https:\/\/bureaudesfilles.com\/cie-beina-sarah-m\/wp-json\/wp\/v2\/pages\/178\/revisions"}],"predecessor-version":[{"id":558,"href":"https:\/\/bureaudesfilles.com\/cie-beina-sarah-m\/wp-json\/wp\/v2\/pages\/178\/revisions\/558"}],"wp:featuredmedia":[{"embeddable":true,"href":"https:\/\/bureaudesfilles.com\/cie-beina-sarah-m\/wp-json\/wp\/v2\/media\/417"}],"wp:attachment":[{"href":"https:\/\/bureaudesfilles.com\/cie-beina-sarah-m\/wp-json\/wp\/v2\/media?parent=178"}],"curies":[{"name":"wp","href":"https:\/\/api.w.org\/{rel}","templated":true}]}}